{"id":3071,"date":"2022-11-08T10:02:26","date_gmt":"2022-11-08T10:02:26","guid":{"rendered":"https:\/\/tortosa.escolateresiana.com\/secundaria\/"},"modified":"2024-05-24T08:14:02","modified_gmt":"2024-05-24T08:14:02","slug":"secundaria","status":"publish","type":"page","link":"https:\/\/tortosa.escolateresiana.com\/es\/secundaria\/","title":{"rendered":"Secundaria"},"content":{"rendered":"<p>[vc_row css_animation=\u00bb\u00bb row_type=\u00bbrow\u00bb use_row_as_full_screen_section=\u00bbno\u00bb type=\u00bbfull_width\u00bb angled_section=\u00bbno\u00bb text_align=\u00bbleft\u00bb background_image_as_pattern=\u00bbwithout_pattern\u00bb][vc_column]\n\t\t\t<!-- START secundaria REVOLUTION SLIDER 6.5.14 --><p class=\"rs-p-wp-fix\"><\/p>\n\t\t\t<rs-module-wrap id=\"rev_slider_17_1_wrapper\" data-source=\"gallery\" style=\"visibility:hidden;background:transparent;padding:0;margin:0px auto;margin-top:0;margin-bottom:0;\">\n\t\t\t\t<rs-module id=\"rev_slider_17_1\" style=\"\" data-version=\"6.5.14\">\n\t\t\t\t\t<rs-slides>\n\t\t\t\t\t\t<rs-slide style=\"position: absolute;\" data-key=\"rs-19\" data-title=\"Slide\" data-in=\"o:0;\" data-out=\"a:false;\">\n\t\t\t\t\t\t\t<img decoding=\"async\" src=\"\/\/tortosa.escolateresiana.com\/wp-content\/plugins\/revslider\/public\/assets\/assets\/dummy.png\" alt=\"Slide\" title=\"Secundaria\" class=\"rev-slidebg tp-rs-img rs-lazyload\" data-lazyload=\"\/\/tortosa.escolateresiana.com\/wp-content\/plugins\/revslider\/public\/assets\/assets\/transparent.png\" data-bg=\"c:#45ac34;\" data-no-retina>\n<!--\n\t\t\t\t\t\t\t--><rs-layer\n\t\t\t\t\t\t\t\tid=\"slider-17-slide-19-layer-0\" \n\t\t\t\t\t\t\t\tclass=\"rs-fsv rs-layer-video intrinsic-ignore\"\n\t\t\t\t\t\t\t\tdata-type=\"video\"\n\t\t\t\t\t\t\t\tdata-rsp_ch=\"on\"\n\t\t\t\t\t\t\t\tdata-xy=\"x:0;y:0;\"\n\t\t\t\t\t\t\t\tdata-text=\"w:normal;\"\n\t\t\t\t\t\t\t\tdata-dim=\"w:100%;h:100%;\"\n\t\t\t\t\t\t\t\tdata-basealign=\"slide\"\n\t\t\t\t\t\t\t\tdata-video=\"vfc:true;vd:100;fc:true;l:true;ptimer:false;nse:f;\"\n\t\t\t\t\t\t\t\tdata-poster=\"\/\/tortosa.escolateresiana.com\/wp-content\/uploads\/revslider\/video-media\/Video-4-ESO_19_layer.jpeg\"\n\t\t\t\t\t\t\t\tdata-mp4=\"\/\/tortosa.escolateresiana.com\/wp-content\/uploads\/2023\/03\/Video-4-ESO.mp4\"\n\t\t\t\t\t\t\t\tdata-frame_999=\"o:0;st:w;sR:8700;\"\n\t\t\t\t\t\t\t\tstyle=\"z-index:8;\"\n\t\t\t\t\t\t\t>\n\t\t\t\t\t\t\t<\/rs-layer><!--\n-->\t\t\t\t\t\t<\/rs-slide>\n\t\t\t\t\t<\/rs-slides>\n\t\t\t\t<\/rs-module>\n\t\t\t\t<script>\n\t\t\t\t\tsetREVStartSize({c: 'rev_slider_17_1',rl:[1240,1024,778,480],el:[700],gw:[ 1280],gh:[700],type:'standard',justify:'',layout:'fullwidth',mh:\"0\"});if (window.RS_MODULES!==undefined && window.RS_MODULES.modules!==undefined && window.RS_MODULES.modules[\"revslider171\"]!==undefined) {window.RS_MODULES.modules[\"revslider171\"].once = false;window.revapi17 = undefined;if (window.RS_MODULES.checkMinimal!==undefined) window.RS_MODULES.checkMinimal()}\n\t\t\t\t<\/script>\n\t\t\t<\/rs-module-wrap>\n\t\t\t<!-- END REVOLUTION SLIDER -->\n[\/vc_column][\/vc_row][vc_row css_animation=\u00bb\u00bb row_type=\u00bbrow\u00bb use_row_as_full_screen_section=\u00bbno\u00bb type=\u00bbfull_width\u00bb angled_section=\u00bbno\u00bb text_align=\u00bbleft\u00bb background_image_as_pattern=\u00bbwithout_pattern\u00bb][vc_column][qode_elements_holder number_of_columns=\u00bbtwo_columns\u00bb][qode_elements_holder_item advanced_animations=\u00bbno\u00bb][vc_single_image image=\u00bb2643&#8243; img_size=\u00bbfull\u00bb qode_css_animation=\u00bb\u00bb][\/qode_elements_holder_item][qode_elements_holder_item advanced_animations=\u00bbno\u00bb item_padding=\u00bb0px 30px 0px 30px\u00bb][vc_column_text]<\/p>\n<h2><span style=\"color: #45ac34;\">Secundaria<\/span><\/h2>\n<p>&nbsp;<\/p>\n<h4><strong>Alumnos competentes para el mundo hoy y ma\u00f1ana.<br \/>\n<\/strong><\/h4>\n<p>&nbsp;<\/p>\n<p>La etapa de Educaci\u00f3n Secundaria Obligatoria comprende al alumnado de entre 12 y 16 a\u00f1os. En esta etapa consolidamos los procesos educativos que hacen referencia al progreso personal y el \u00e9xito acad\u00e9mico del alumnado. Entendemos el aprendizaje como un proceso continuo que se adapta a las necesidades, fortalezas y aspiraciones del alumnado para permitirle desarrollar todo su potencial. Apostamos por un clima favorable dentro y fuera del aula y por establecer relaciones de confianza y respeto entre iguales y el profesorado se convierte en un referente y gu\u00eda en este camino.<\/p>\n<p>&nbsp;<\/p>\n<p>El trabajo por competencias, la digitalizaci\u00f3n del aula, as\u00ed como las diferentes actividades, salidas culturales y charlas formativas son herramientas que configuran nuestro talante teresiano y que ayudan al alumnado a ser sensibles, competentes, capaces de adaptarse a los cambios e implicarse con la sociedad y ser agentes activos en la transformaci\u00f3n del mundo.[\/vc_column_text][\/qode_elements_holder_item][\/qode_elements_holder][\/vc_column][\/vc_row][vc_row css_animation=\u00bb\u00bb row_type=\u00bbrow\u00bb use_row_as_full_screen_section=\u00bbno\u00bb type=\u00bbfull_width\u00bb angled_section=\u00bbno\u00bb text_align=\u00bbleft\u00bb background_image_as_pattern=\u00bbwithout_pattern\u00bb][vc_column][vc_empty_space height=\u00bb90px\u00bb][\/vc_column][\/vc_row][vc_row css_animation=\u00bb\u00bb row_type=\u00bbrow\u00bb use_row_as_full_screen_section=\u00bbno\u00bb type=\u00bbgrid\u00bb angled_section=\u00bbno\u00bb text_align=\u00bbleft\u00bb background_image_as_pattern=\u00bbwithout_pattern\u00bb z_index=\u00bb\u00bb][vc_column width=\u00bb1\/2&#8243;]<div class=\"qode-accordion-holder clearfix qode-toggle qode-initial \">\n\t<h4 class=\"clearfix qode-title-holder\">\n<span class=\"qode-tab-title\">\n\t    <span class=\"qode-tab-title-inner\">\n        APRENDIZAJE DE IDIOMAS    <\/span>\n<\/span>\n<span class=\"qode-accordion-mark\">\n    <span class=\"qode-accordion-mark-icon\">\n        <span class=\"icon_plus\"><\/span>\n        <span class=\"icon_minus-06\"><\/span>\n    <\/span>\n<\/span>\n<\/h4>\n<div  class=\"qode-accordion-content \" >\n    <div class=\"qode-accordion-content-inner\">\n        [vc_column_text]En nuestro centro es fundamental el aprendizaje de los idiomas (ingl\u00e9s, alem\u00e1n), por lo que contamos con profesorado especializado en todos los cursos para sacar adelante nuestro proyecto de pluriling\u00fcismo.<\/p>\n<p>&nbsp;<\/p>\n<ul>\n<li aria-level=\"1\">En lengua inglesa, se realizan desdoblamientos de grupos con el auxiliar de conversaci\u00f3n nativa.<\/li>\n<\/ul>\n<ul>\n<li aria-level=\"1\">Participamos en proyectos, intercambios con Irlanda, Inglaterra y otros pa\u00edses europeos que enriquecen este programa.<\/li>\n<\/ul>\n<p>&nbsp;<\/p>\n<p>Somos centro examinador oficial de Cambridge. Los alumnos preparan en el centro los ex\u00e1menes oficiales.<\/p>\n<p>&nbsp;<\/p>\n<p><span style=\"font-weight: 400;\">Alem\u00e1n es la segunda lengua extranjera en esta etapa.<\/span>[\/vc_column_text]    <\/div>\n<\/div><h4 class=\"clearfix qode-title-holder\">\n<span class=\"qode-tab-title\">\n\t    <span class=\"qode-tab-title-inner\">\n        METODOLOG\u00cdAS INNOVADORAS    <\/span>\n<\/span>\n<span class=\"qode-accordion-mark\">\n    <span class=\"qode-accordion-mark-icon\">\n        <span class=\"icon_plus\"><\/span>\n        <span class=\"icon_minus-06\"><\/span>\n    <\/span>\n<\/span>\n<\/h4>\n<div  class=\"qode-accordion-content \" >\n    <div class=\"qode-accordion-content-inner\">\n        [vc_column_text]El modelo de las inteligencias m\u00faltiples es nuestra propuesta metodol\u00f3gica en Educaci\u00f3n Secundaria y supone un cambio de paradigma en la forma de aprender y educar a nuestros alumnos. Son metodolog\u00edas din\u00e1micas, experimentales y l\u00fadicas, que mejoran la competencia comunicativa, que estimulan la creatividad, apuestan por el aprendizaje cooperativo y por el desarrollo del pensamiento cr\u00edtico.[\/vc_column_text]    <\/div>\n<\/div><h4 class=\"clearfix qode-title-holder\">\n<span class=\"qode-tab-title\">\n\t    <span class=\"qode-tab-title-inner\">\n        ATENCI\u00d3N A LA DIVERSIDAD    <\/span>\n<\/span>\n<span class=\"qode-accordion-mark\">\n    <span class=\"qode-accordion-mark-icon\">\n        <span class=\"icon_plus\"><\/span>\n        <span class=\"icon_minus-06\"><\/span>\n    <\/span>\n<\/span>\n<\/h4>\n<div  class=\"qode-accordion-content \" >\n    <div class=\"qode-accordion-content-inner\">\n        [vc_column_text]<span style=\"font-weight: 400;\">Para nosotros, la diversidad es una oportunidad de crecer y aprender conjuntamente compartiendo experiencias y situaciones de aprendizaje.<\/span><\/p>\n<p>&nbsp;<\/p>\n<p><span style=\"font-weight: 400;\">Cada una de las personas que forma parte de nuestra comunidad educativa es \u00fanica y por tanto muestra unas capacidades propias e individuales que requieren de una respuesta educativa adecuada.<\/span><\/p>\n<p>&nbsp;<\/p>\n<p><span style=\"font-weight: 400;\">Los profesionales especializados del centro ofrecen las medidas metodol\u00f3gicas y materiales y los soportes necesarios para que cada uno pueda alcanzar su \u00e9xito en su proceso de aprendizaje.<\/span><\/p>\n<p>&nbsp;<\/p>\n<p>Apostamos por la inclusi\u00f3n y atenci\u00f3n m\u00e1s individualizada a trav\u00e9s de grupos reducidos con desdoblamientos en diferentes asignaturas.<\/p>\n<p>&nbsp;<\/p>\n<p><span style=\"font-weight: 400;\">Contamos con una veladora para atender a los alumnos con necesidades educativas espec\u00edficas.<\/span><\/p>\n<p>[\/vc_column_text]    <\/div>\n<\/div><h4 class=\"clearfix qode-title-holder\">\n<span class=\"qode-tab-title\">\n\t    <span class=\"qode-tab-title-inner\">\n        Acompa\u00f1arTE PLAN DE ACCI\u00d3N TUTORIAL    <\/span>\n<\/span>\n<span class=\"qode-accordion-mark\">\n    <span class=\"qode-accordion-mark-icon\">\n        <span class=\"icon_plus\"><\/span>\n        <span class=\"icon_minus-06\"><\/span>\n    <\/span>\n<\/span>\n<\/h4>\n<div  class=\"qode-accordion-content \" >\n    <div class=\"qode-accordion-content-inner\">\n        [vc_column_text]Plan de acci\u00f3n tutorial propio dise\u00f1ado para educar integralmente a nuestro alumnado y hacer un acompa\u00f1amiento en su crecimiento personal, social y emocional.<\/p>\n<p>&nbsp;<\/p>\n<p>Adem\u00e1s de un acompa\u00f1amiento personalizado, incorporamos una sesi\u00f3n semanal de tutor\u00eda grupal en el aula.<\/p>\n<p>[\/vc_column_text][vc_single_image image=\u00bb2793&#8243; img_size=\u00bbfull\u00bb alignment=\u00bbcenter\u00bb qode_css_animation=\u00bb\u00bb]    <\/div>\n<\/div><h4 class=\"clearfix qode-title-holder\">\n<span class=\"qode-tab-title\">\n\t    <span class=\"qode-tab-title-inner\">\n        MirarTE PLAN DE INTERIORIDAD    <\/span>\n<\/span>\n<span class=\"qode-accordion-mark\">\n    <span class=\"qode-accordion-mark-icon\">\n        <span class=\"icon_plus\"><\/span>\n        <span class=\"icon_minus-06\"><\/span>\n    <\/span>\n<\/span>\n<\/h4>\n<div  class=\"qode-accordion-content \" >\n    <div class=\"qode-accordion-content-inner\">\n        [vc_column_text]<span style=\"font-weight: 400;\">Nuestro plan de interioridad \u00abMirarTE\u00bb pretende ayudar al alumnado a conocerse por dentro y descubrir su riqueza interior para ayudarle a acercarse a los dem\u00e1s, al mundo y Dios.<\/span>[\/vc_column_text][vc_single_image image=\u00bb2644&#8243; img_size=\u00bbfull\u00bb qode_css_animation=\u00bb\u00bb]    <\/div>\n<\/div><h4 class=\"clearfix qode-title-holder\">\n<span class=\"qode-tab-title\">\n\t    <span class=\"qode-tab-title-inner\">\n        EVALUACIONES EXTERNAS    <\/span>\n<\/span>\n<span class=\"qode-accordion-mark\">\n    <span class=\"qode-accordion-mark-icon\">\n        <span class=\"icon_plus\"><\/span>\n        <span class=\"icon_minus-06\"><\/span>\n    <\/span>\n<\/span>\n<\/h4>\n<div  class=\"qode-accordion-content \" >\n    <div class=\"qode-accordion-content-inner\">\n        [vc_column_text]Cada curso evaluamos los procesos de aprendizaje tanto con pruebas diagn\u00f3sticas o de CB del Departamento de Educaci\u00f3n de la Generalitat como de otras pruebas internacionales o las propias de la FET y los resultados son excelentes. Estas pruebas nos proporcionan un mejor conocimiento de nuestra realidad educativa, de los procesos que hemos puesto en marcha y nos sirven para implementar propuestas de mejora continua.[\/vc_column_text]    <\/div>\n<\/div><\/div>[\/vc_column][vc_column width=\u00bb1\/2&#8243;]<div class=\"qode-accordion-holder clearfix qode-toggle qode-initial \">\n\t<h4 class=\"clearfix qode-title-holder\">\n<span class=\"qode-tab-title\">\n\t    <span class=\"qode-tab-title-inner\">\n        BACHILLERATO DUAL    <\/span>\n<\/span>\n<span class=\"qode-accordion-mark\">\n    <span class=\"qode-accordion-mark-icon\">\n        <span class=\"icon_plus\"><\/span>\n        <span class=\"icon_minus-06\"><\/span>\n    <\/span>\n<\/span>\n<\/h4>\n<div  class=\"qode-accordion-content \" >\n    <div class=\"qode-accordion-content-inner\">\n        [vc_column_text]<span style=\"font-weight: 400;\">Nuestro alumnado a partir de 2\u00ba de ESO puede iniciar este programa que, adem\u00e1s de suponer una inmersi\u00f3n ling\u00fc\u00edstica, tecnol\u00f3gica y personal, le permitir\u00e1 al finalizar la etapa de Bachillerato conseguir una doble titulaci\u00f3n: la del Bachillerato y el American High School Diploma.<\/span>[\/vc_column_text]    <\/div>\n<\/div><h4 class=\"clearfix qode-title-holder\">\n<span class=\"qode-tab-title\">\n\t    <span class=\"qode-tab-title-inner\">\n        COMPROMISO CON EL MUNDO    <\/span>\n<\/span>\n<span class=\"qode-accordion-mark\">\n    <span class=\"qode-accordion-mark-icon\">\n        <span class=\"icon_plus\"><\/span>\n        <span class=\"icon_minus-06\"><\/span>\n    <\/span>\n<\/span>\n<\/h4>\n<div  class=\"qode-accordion-content \" >\n    <div class=\"qode-accordion-content-inner\">\n        [vc_column_text]Porque queremos un mundo sostenible y solidario, en el colegio fomentamos actividades que nos comprometan con el mundo. Nuestros chicos y chicas descubren en esta etapa su capacidad de transformar la creaci\u00f3n con m\u00edmimos actos. Aprenden a ver m\u00e1s all\u00e1 de s\u00ed mismos descubriendo las carencias que existen a su alrededor, comprometi\u00e9ndose de forma activa a trav\u00e9s de diferentes acciones solidarias y sostenibles.[\/vc_column_text]    <\/div>\n<\/div><h4 class=\"clearfix qode-title-holder\">\n<span class=\"qode-tab-title\">\n\t    <span class=\"qode-tab-title-inner\">\n        DEPORTE    <\/span>\n<\/span>\n<span class=\"qode-accordion-mark\">\n    <span class=\"qode-accordion-mark-icon\">\n        <span class=\"icon_plus\"><\/span>\n        <span class=\"icon_minus-06\"><\/span>\n    <\/span>\n<\/span>\n<\/h4>\n<div  class=\"qode-accordion-content \" >\n    <div class=\"qode-accordion-content-inner\">\n        [vc_column_text]Desde la escuela y con la familia, es necesario instaurar h\u00e1bitos de vida saludables, ya que son prioridades para nuestra vida y tambi\u00e9n en nuestra labor educativa.<\/p>\n<p>&nbsp;<\/p>\n<p>Lo llevamos a cabo a trav\u00e9s de la acci\u00f3n educativa curricular y de otras propuestas culturales y deportivas, tanto escolares como extraescolares, como por ejemplo los recreos deportivos, participaci\u00f3n en el PLa Catal\u00e1n del Deporte en la Escuela, la Milla Urbana, talleres de prevenci\u00f3n y salud.[\/vc_column_text]    <\/div>\n<\/div><h4 class=\"clearfix qode-title-holder\">\n<span class=\"qode-tab-title\">\n\t    <span class=\"qode-tab-title-inner\">\n        ITINERARIOS    <\/span>\n<\/span>\n<span class=\"qode-accordion-mark\">\n    <span class=\"qode-accordion-mark-icon\">\n        <span class=\"icon_plus\"><\/span>\n        <span class=\"icon_minus-06\"><\/span>\n    <\/span>\n<\/span>\n<\/h4>\n<div  class=\"qode-accordion-content \" >\n    <div class=\"qode-accordion-content-inner\">\n        [vc_column_text]A lo largo de toda la etapa nuestro alumnado puede completar la formaci\u00f3n acad\u00e9mica con asignaturas optativas de acuerdo con sus intereses: Rob\u00f3tica, Cultura cl\u00e1sica, Oratoria, Teatro literario, Experimenta, Life Project, RAD 3d+Gesti\u00f3n, Herramientas inform\u00e1ticas, Latino , F\u00edsica y Qu\u00edmica, Biolog\u00eda, Alem\u00e1n, PdR+ApS<\/p>\n<p>&nbsp;<\/p>\n<p>En 4\u00ba de ESO nuestro alumnado elige el itinerario acad\u00e9mico m\u00e1s acorde con sus intereses: cient\u00edfico o human\u00edstico.[\/vc_column_text]    <\/div>\n<\/div><h4 class=\"clearfix qode-title-holder\">\n<span class=\"qode-tab-title\">\n\t    <span class=\"qode-tab-title-inner\">\n        TECNOLOG\u00cdAS    <\/span>\n<\/span>\n<span class=\"qode-accordion-mark\">\n    <span class=\"qode-accordion-mark-icon\">\n        <span class=\"icon_plus\"><\/span>\n        <span class=\"icon_minus-06\"><\/span>\n    <\/span>\n<\/span>\n<\/h4>\n<div  class=\"qode-accordion-content \" >\n    <div class=\"qode-accordion-content-inner\">\n        [vc_column_text]Nuestro proyecto educativo incluye el uso responsable de la tecnolog\u00eda que permita al alumnado avanzar en su evoluci\u00f3n tanto a nivel personal como profesional con metodolog\u00edas y estrategias pedag\u00f3gicas que fomenten un aprendizaje significativo.<\/p>\n<p>&nbsp;<\/p>\n<p>Todas nuestras aulas est\u00e1n equipadas con pantallas y proyectores. En las asignaturas de Tecnolog\u00eda y Rob\u00f3tica trabajamos la programaci\u00f3n, la realidad aumentada, la impresi\u00f3n 3D, Arduino y Lego.[\/vc_column_text]    <\/div>\n<\/div><\/div>[\/vc_column][\/vc_row][vc_row css_animation=\u00bb\u00bb row_type=\u00bbrow\u00bb use_row_as_full_screen_section=\u00bbno\u00bb type=\u00bbfull_width\u00bb angled_section=\u00bbno\u00bb text_align=\u00bbleft\u00bb background_image_as_pattern=\u00bbwithout_pattern\u00bb][vc_column][vc_empty_space height=\u00bb90px\u00bb][\/vc_column][\/vc_row][vc_row css_animation=\u00bb\u00bb row_type=\u00bbrow\u00bb use_row_as_full_screen_section=\u00bbno\u00bb type=\u00bbfull_width\u00bb angled_section=\u00bbno\u00bb text_align=\u00bbleft\u00bb background_image_as_pattern=\u00bbwithout_pattern\u00bb][vc_column][vc_gallery type=\u00bbimage_grid\u00bb images=\u00bb2742,2743,2744,2745&#8243; img_size=\u00bbfull\u00bb column_number=\u00bb4&#8243; grayscale=\u00bbno\u00bb images_space=\u00bbgallery_without_space\u00bb][\/vc_column][\/vc_row]<\/p>\n","protected":false},"excerpt":{"rendered":"<p>[vc_row css_animation=\u00bb\u00bb row_type=\u00bbrow\u00bb use_row_as_full_screen_section=\u00bbno\u00bb type=\u00bbfull_width\u00bb angled_section=\u00bbno\u00bb text_align=\u00bbleft\u00bb background_image_as_pattern=\u00bbwithout_pattern\u00bb][vc_column][\/vc_column][\/vc_row][vc_row css_animation=\u00bb\u00bb row_type=\u00bbrow\u00bb use_row_as_full_screen_section=\u00bbno\u00bb type=\u00bbfull_width\u00bb angled_section=\u00bbno\u00bb text_align=\u00bbleft\u00bb background_image_as_pattern=\u00bbwithout_pattern\u00bb][vc_column][qode_elements_holder number_of_columns=\u00bbtwo_columns\u00bb][qode_elements_holder_item advanced_animations=\u00bbno\u00bb][vc_single_image image=\u00bb2643&#8243; img_size=\u00bbfull\u00bb qode_css_animation=\u00bb\u00bb][\/qode_elements_holder_item][qode_elements_holder_item advanced_animations=\u00bbno\u00bb item_padding=\u00bb0px 30px 0px 30px\u00bb][vc_column_text] Secundaria &nbsp; Alumnos competentes para el mundo hoy y ma\u00f1ana. &nbsp; La etapa de Educaci\u00f3n Secundaria Obligatoria comprende al alumnado&#8230;<\/p>\n","protected":false},"author":1,"featured_media":0,"parent":0,"menu_order":0,"comment_status":"closed","ping_status":"closed","template":"full_width.php","meta":{"footnotes":""},"class_list":["post-3071","page","type-page","status-publish","hentry"],"_links":{"self":[{"href":"https:\/\/tortosa.escolateresiana.com\/es\/wp-json\/wp\/v2\/pages\/3071","targetHints":{"allow":["GET"]}}],"collection":[{"href":"https:\/\/tortosa.escolateresiana.com\/es\/wp-json\/wp\/v2\/pages"}],"about":[{"href":"https:\/\/tortosa.escolateresiana.com\/es\/wp-json\/wp\/v2\/types\/page"}],"author":[{"embeddable":true,"href":"https:\/\/tortosa.escolateresiana.com\/es\/wp-json\/wp\/v2\/users\/1"}],"replies":[{"embeddable":true,"href":"https:\/\/tortosa.escolateresiana.com\/es\/wp-json\/wp\/v2\/comments?post=3071"}],"version-history":[{"count":2,"href":"https:\/\/tortosa.escolateresiana.com\/es\/wp-json\/wp\/v2\/pages\/3071\/revisions"}],"predecessor-version":[{"id":3082,"href":"https:\/\/tortosa.escolateresiana.com\/es\/wp-json\/wp\/v2\/pages\/3071\/revisions\/3082"}],"wp:attachment":[{"href":"https:\/\/tortosa.escolateresiana.com\/es\/wp-json\/wp\/v2\/media?parent=3071"}],"curies":[{"name":"wp","href":"https:\/\/api.w.org\/{rel}","templated":true}]}}