{"id":3065,"date":"2022-11-09T08:42:28","date_gmt":"2022-11-09T08:42:28","guid":{"rendered":"https:\/\/tortosa.escolateresiana.com\/herramientas-tecnologicas\/"},"modified":"2024-05-24T08:14:02","modified_gmt":"2024-05-24T08:14:02","slug":"herramientas-tecnologicas","status":"publish","type":"page","link":"https:\/\/tortosa.escolateresiana.com\/es\/herramientas-tecnologicas\/","title":{"rendered":"Herramientas tecnol\u00f3gicas"},"content":{"rendered":"<p>[vc_row css_animation=\u00bb\u00bb row_type=\u00bbrow\u00bb use_row_as_full_screen_section=\u00bbno\u00bb type=\u00bbfull_width\u00bb angled_section=\u00bbno\u00bb text_align=\u00bbleft\u00bb background_image_as_pattern=\u00bbwithout_pattern\u00bb css=\u00bb.vc_custom_1669019966897{background-color: #ffffff !important;}\u00bb z_index=\u00bb\u00bb][vc_column][qode_elements_holder number_of_columns=\u00bbtwo_columns\u00bb][qode_elements_holder_item advanced_animations=\u00bbno\u00bb][vc_single_image image=\u00bb2679&#8243; img_size=\u00bbfull\u00bb qode_css_animation=\u00bb\u00bb][\/qode_elements_holder_item][qode_elements_holder_item advanced_animations=\u00bbno\u00bb item_padding=\u00bb0px 30px 0px 30px\u00bb][vc_column_text]<\/p>\n<div>\n<h2><span style=\"font-weight: 400;\">PROYECTO TIC-TAC:<\/span><\/h2>\n<h4><span style=\"font-weight: 400;\">TECNOLOG\u00cdAS DE LA INFORMACI\u00d3N Y LA COMUNICACI\u00d3N &#8211; TECNOLOG\u00cdAS DEL APRENDIZAJE Y EL CONOCIMIENTO<\/span><\/h4>\n<p>&nbsp;<\/p>\n<p>Vivimos en una sociedad cambiante que continuamente nos hace llegar est\u00edmulos, mensajes e informaciones. Hoy en d\u00eda la mayor parte de la informaci\u00f3n y el conocimiento que se generan son en formato digital y se transmiten por medio de plataformas virtuales.<\/p>\n<p>&nbsp;<\/p>\n<p>Todo esto nos mueve a estar siempre abiertos a adquirir nuevas competencias y conocimientos, a hacer un uso adecuado, seguro, \u00e9tico y responsable de la tecnolog\u00eda y tambi\u00e9n a desarrollar una conciencia cr\u00edtica y una actitud flexible como ciudadanos en un mundo global.<\/p>\n<\/div>\n<div><\/div>\n<div><\/div>\n<div>\n<h2><span style=\"font-weight: 400;\"><span lang=\"es\"><img loading=\"lazy\" decoding=\"async\" class=\"size-full wp-image-1298 alignleft\" src=\"https:\/\/tortosa.escolateresiana.com\/wp-content\/uploads\/2022\/11\/educacion-digital.jpg\" alt=\"\" width=\"251\" height=\"89\"><\/span><\/span><\/h2>\n<\/div>\n<p>[\/vc_column_text][\/qode_elements_holder_item][\/qode_elements_holder][\/vc_column][\/vc_row][vc_row css_animation=\u00bb\u00bb row_type=\u00bbrow\u00bb use_row_as_full_screen_section=\u00bbno\u00bb type=\u00bbfull_width\u00bb angled_section=\u00bbno\u00bb text_align=\u00bbleft\u00bb background_image_as_pattern=\u00bbwithout_pattern\u00bb z_index=\u00bb\u00bb css=\u00bb.vc_custom_1673432544889{background-image: url(https:\/\/tortosa.escolateresiana.com\/wp-content\/uploads\/2022\/05\/fondo.png?id=704) !important;}\u00bb padding_bottom=\u00bb60&#8243;][vc_column][vc_empty_space height=\u00bb80px\u00bb][vc_row_inner row_type=\u00bbrow\u00bb type=\u00bbgrid\u00bb text_align=\u00bbleft\u00bb css_animation=\u00bbelement_from_top\u00bb][vc_column_inner width=\u00bb1\/2&#8243;]<div class=\"q_box_holder with_icon\" style=\"background-color: rgba(255,255,255,0.6);\"><div class=\"box_holder_icon\"><div class=\"box_holder_icon_inner very_large image \" style=\"\"><img decoding=\"async\" itemprop=\"image\" style=\"\" src=\"https:\/\/tortosa.escolateresiana.com\/wp-content\/uploads\/2022\/11\/22.png\" alt=\"\"><\/div><\/div><div class=\"box_holder_inner very_large center\"><h3 class=\"icon_title\" style=\"color: #45ac34;\">COMPETENCIA DIGITAL<\/h3><span class=\"separator transparent\" style=\"margin: 8px 0;\"><\/span><p style=\"\">En nuestra sociedad es clave conocer las herramientas digitales. Por eso nuestra escuela, en el marco de nuestro proyecto educativo, da respuesta a las necesidades del alumnado. Disponemos de la infraestructura, herramientas y recursos para que nuestros alumnos sean competentes en el campo tecnol\u00f3gico y digital.<\/p><\/div><\/div>[\/vc_column_inner][vc_column_inner width=\u00bb1\/2&#8243;]<div class=\"q_box_holder with_icon\" style=\"background-color: rgba(255,255,255,0.6);\"><div class=\"box_holder_icon\"><div class=\"box_holder_icon_inner very_large image \" style=\"\"><img decoding=\"async\" itemprop=\"image\" style=\"\" src=\"https:\/\/tortosa.escolateresiana.com\/wp-content\/uploads\/2022\/11\/11.png\" alt=\"\"><\/div><\/div><div class=\"box_holder_inner very_large center\"><h3 class=\"icon_title\" style=\"color: #45ac34;\">ROB\u00d3TICA, PROGRAMACI\u00d3N E IMPRESI\u00d3N 3D<\/h3><span class=\"separator transparent\" style=\"margin: 8px 0;\"><\/span><p style=\"\">La rob\u00f3tica educativa en nuestro centro comienza en Educaci\u00f3n Infantil y contin\u00faa durante el resto de las etapas. Esta ense\u00f1anza nos permite la creaci\u00f3n de nuevos escenarios de aula donde el alumnado es protagonista activo y reflexivo de su aprendizaje a trav\u00e9s del dise\u00f1o y elaboraci\u00f3n de creaciones propias, potenciando sus habilidades y competencias. El profesorado provoca curiosidad, propone retos, da tiempo para investigar y reflexionar y alienta y le ayuda a tomar conciencia de su progreso.<\/p><\/div><\/div>[\/vc_column_inner][\/vc_row_inner][vc_empty_space height=\u00bb80px\u00bb][vc_row_inner row_type=\u00bbrow\u00bb type=\u00bbgrid\u00bb text_align=\u00bbleft\u00bb css_animation=\u00bbelement_from_bottom\u00bb][vc_column_inner width=\u00bb1\/2&#8243;]<div class=\"q_box_holder with_icon\" style=\"background-color: rgba(255,255,255,0.6);\"><div class=\"box_holder_icon\"><div class=\"box_holder_icon_inner very_large image \" style=\"\"><img decoding=\"async\" itemprop=\"image\" style=\"\" src=\"https:\/\/tortosa.escolateresiana.com\/wp-content\/uploads\/2022\/11\/33.png\" alt=\"\"><\/div><\/div><div class=\"box_holder_inner very_large center\"><h3 class=\"icon_title\" style=\"color: #45ac34;\">EQUIPAMIENTO<\/h3><span class=\"separator transparent\" style=\"margin: 8px 0;\"><\/span><p style=\"\">Todas nuestras aulas est\u00e1n equipadas con pantallas, proyectores y ordenadores. Adem\u00e1s contamos con dispositivos para uso personal del alumnado.<\/p><\/div><\/div>[\/vc_column_inner][vc_column_inner width=\u00bb1\/2&#8243;]<div class=\"q_box_holder with_icon\" style=\"background-color: rgba(255,255,255,0.6);\"><div class=\"box_holder_icon\"><div class=\"box_holder_icon_inner very_large image \" style=\"\"><img decoding=\"async\" itemprop=\"image\" style=\"\" src=\"https:\/\/tortosa.escolateresiana.com\/wp-content\/uploads\/2022\/11\/44.png\" alt=\"\"><\/div><\/div><div class=\"box_holder_inner very_large center\"><h3 class=\"icon_title\" style=\"color: #45ac34;\">RESPONSABILIDAD DIGITAL<\/h3><span class=\"separator transparent\" style=\"margin: 8px 0;\"><\/span><p style=\"\">Nuestro centro reconoce la necesidad de educar a los ni\u00f1os y j\u00f3venes para que utilicen la tecnolog\u00eda de forma \u00e9tica y efectiva. Concienciamos al alumnado para que utilice estas herramientas, dentro y fuera del \u00e1mbito escolar, de forma coherente con nuestro proyecto educativo.<\/p><\/div><\/div>[\/vc_column_inner][\/vc_row_inner][vc_empty_space height=\u00bb50px\u00bb][\/vc_column][\/vc_row][vc_row css_animation=\u00bb\u00bb row_type=\u00bbrow\u00bb use_row_as_full_screen_section=\u00bbno\u00bb type=\u00bbfull_width\u00bb angled_section=\u00bbno\u00bb text_align=\u00bbleft\u00bb background_image_as_pattern=\u00bbwithout_pattern\u00bb][vc_column][vc_gallery type=\u00bbimage_grid\u00bb images=\u00bb2680,2681,2682,2683&#8243; img_size=\u00bbfull\u00bb column_number=\u00bb4&#8243; grayscale=\u00bbno\u00bb images_space=\u00bbgallery_without_space\u00bb][\/vc_column][\/vc_row]<\/p>\n","protected":false},"excerpt":{"rendered":"<p>[vc_row css_animation=\u00bb\u00bb row_type=\u00bbrow\u00bb use_row_as_full_screen_section=\u00bbno\u00bb type=\u00bbfull_width\u00bb angled_section=\u00bbno\u00bb text_align=\u00bbleft\u00bb background_image_as_pattern=\u00bbwithout_pattern\u00bb css=\u00bb.vc_custom_1669019966897{background-color: #ffffff !important;}\u00bb z_index=\u00bb\u00bb][vc_column][qode_elements_holder number_of_columns=\u00bbtwo_columns\u00bb][qode_elements_holder_item advanced_animations=\u00bbno\u00bb][vc_single_image image=\u00bb2679&#8243; img_size=\u00bbfull\u00bb qode_css_animation=\u00bb\u00bb][\/qode_elements_holder_item][qode_elements_holder_item advanced_animations=\u00bbno\u00bb item_padding=\u00bb0px 30px 0px 30px\u00bb][vc_column_text] PROYECTO TIC-TAC: TECNOLOG\u00cdAS DE LA INFORMACI\u00d3N Y LA COMUNICACI\u00d3N &#8211; TECNOLOG\u00cdAS DEL APRENDIZAJE Y EL CONOCIMIENTO &nbsp; Vivimos en una sociedad cambiante que&#8230;<\/p>\n","protected":false},"author":1,"featured_media":0,"parent":0,"menu_order":0,"comment_status":"closed","ping_status":"closed","template":"full_width.php","meta":{"footnotes":""},"class_list":["post-3065","page","type-page","status-publish","hentry"],"_links":{"self":[{"href":"https:\/\/tortosa.escolateresiana.com\/es\/wp-json\/wp\/v2\/pages\/3065","targetHints":{"allow":["GET"]}}],"collection":[{"href":"https:\/\/tortosa.escolateresiana.com\/es\/wp-json\/wp\/v2\/pages"}],"about":[{"href":"https:\/\/tortosa.escolateresiana.com\/es\/wp-json\/wp\/v2\/types\/page"}],"author":[{"embeddable":true,"href":"https:\/\/tortosa.escolateresiana.com\/es\/wp-json\/wp\/v2\/users\/1"}],"replies":[{"embeddable":true,"href":"https:\/\/tortosa.escolateresiana.com\/es\/wp-json\/wp\/v2\/comments?post=3065"}],"version-history":[{"count":2,"href":"https:\/\/tortosa.escolateresiana.com\/es\/wp-json\/wp\/v2\/pages\/3065\/revisions"}],"predecessor-version":[{"id":3081,"href":"https:\/\/tortosa.escolateresiana.com\/es\/wp-json\/wp\/v2\/pages\/3065\/revisions\/3081"}],"wp:attachment":[{"href":"https:\/\/tortosa.escolateresiana.com\/es\/wp-json\/wp\/v2\/media?parent=3065"}],"curies":[{"name":"wp","href":"https:\/\/api.w.org\/{rel}","templated":true}]}}