{"id":2907,"date":"2022-06-01T10:38:40","date_gmt":"2022-06-01T10:38:40","guid":{"rendered":"https:\/\/tortosa.escolateresiana.com\/atencion-a-la-diversidad\/"},"modified":"2024-05-24T08:12:53","modified_gmt":"2024-05-24T08:12:53","slug":"atencion-a-la-diversidad","status":"publish","type":"page","link":"https:\/\/tortosa.escolateresiana.com\/es\/atencion-a-la-diversidad\/","title":{"rendered":"Atenci\u00f3n a la diversidad"},"content":{"rendered":"<p>[vc_row css_animation=\u00bb\u00bb row_type=\u00bbrow\u00bb use_row_as_full_screen_section=\u00bbno\u00bb type=\u00bbfull_width\u00bb angled_section=\u00bbno\u00bb text_align=\u00bbleft\u00bb background_image_as_pattern=\u00bbwithout_pattern\u00bb][vc_column]\n\t\t\t<!-- START atencio REVOLUTION SLIDER 6.5.14 --><p class=\"rs-p-wp-fix\"><\/p>\n\t\t\t<rs-module-wrap id=\"rev_slider_11_1_wrapper\" data-source=\"gallery\" style=\"visibility:hidden;background:transparent;padding:0;margin:0px auto;margin-top:0;margin-bottom:0;\">\n\t\t\t\t<rs-module id=\"rev_slider_11_1\" style=\"\" data-version=\"6.5.14\">\n\t\t\t\t\t<rs-slides>\n\t\t\t\t\t\t<rs-slide style=\"position: absolute;\" data-key=\"rs-13\" data-title=\"Slide\" data-in=\"o:0;\" data-out=\"a:false;\">\n\t\t\t\t\t\t\t<img decoding=\"async\" src=\"\/\/tortosa.escolateresiana.com\/wp-content\/plugins\/revslider\/public\/assets\/assets\/dummy.png\" alt=\"Slide\" title=\"Atenci\u00f3n a la diversidad\" class=\"rev-slidebg tp-rs-img rs-lazyload\" data-lazyload=\"\/\/tortosa.escolateresiana.com\/wp-content\/plugins\/revslider\/public\/assets\/assets\/transparent.png\" data-bg=\"c:#45ac34;\" data-no-retina>\n<!--\n\t\t\t\t\t\t\t--><rs-layer\n\t\t\t\t\t\t\t\tid=\"slider-11-slide-13-layer-0\" \n\t\t\t\t\t\t\t\tclass=\"rs-fsv rs-layer-video intrinsic-ignore\"\n\t\t\t\t\t\t\t\tdata-type=\"video\"\n\t\t\t\t\t\t\t\tdata-rsp_ch=\"on\"\n\t\t\t\t\t\t\t\tdata-xy=\"x:0;y:0;\"\n\t\t\t\t\t\t\t\tdata-text=\"w:normal;\"\n\t\t\t\t\t\t\t\tdata-dim=\"w:100%;h:100%;\"\n\t\t\t\t\t\t\t\tdata-basealign=\"slide\"\n\t\t\t\t\t\t\t\tdata-video=\"vfc:true;vd:100;fc:true;l:true;ptimer:false;nse:f;\"\n\t\t\t\t\t\t\t\tdata-poster=\"\/\/tortosa.escolateresiana.com\/wp-content\/uploads\/revslider\/video-media\/47-Diversitat-_13_layer1.jpeg\"\n\t\t\t\t\t\t\t\tdata-mp4=\"\/\/tortosa.escolateresiana.com\/wp-content\/uploads\/2023\/03\/47-Diversitat-.mov\"\n\t\t\t\t\t\t\t\tdata-frame_999=\"o:0;st:w;sR:8700;\"\n\t\t\t\t\t\t\t\tstyle=\"z-index:8;\"\n\t\t\t\t\t\t\t>\n\t\t\t\t\t\t\t<\/rs-layer><!--\n-->\t\t\t\t\t\t<\/rs-slide>\n\t\t\t\t\t<\/rs-slides>\n\t\t\t\t<\/rs-module>\n\t\t\t\t<script>\n\t\t\t\t\tsetREVStartSize({c: 'rev_slider_11_1',rl:[1240,1024,778,480],el:[700],gw:[ 1280],gh:[700],type:'standard',justify:'',layout:'fullwidth',mh:\"0\"});if (window.RS_MODULES!==undefined && window.RS_MODULES.modules!==undefined && window.RS_MODULES.modules[\"revslider111\"]!==undefined) {window.RS_MODULES.modules[\"revslider111\"].once = false;window.revapi11 = undefined;if (window.RS_MODULES.checkMinimal!==undefined) window.RS_MODULES.checkMinimal()}\n\t\t\t\t<\/script>\n\t\t\t<\/rs-module-wrap>\n\t\t\t<!-- END REVOLUTION SLIDER -->\n[\/vc_column][\/vc_row][vc_row css_animation=\u00bb\u00bb row_type=\u00bbrow\u00bb use_row_as_full_screen_section=\u00bbno\u00bb type=\u00bbfull_width\u00bb angled_section=\u00bbno\u00bb text_align=\u00bbleft\u00bb background_image_as_pattern=\u00bbwithout_pattern\u00bb][vc_column][qode_elements_holder number_of_columns=\u00bbtwo_columns\u00bb][qode_elements_holder_item cover=\u00bbyes\u00bb advanced_animations=\u00bbno\u00bb item_padding=\u00bb0px 50px 0px 50px\u00bb background_image=\u00bb704&#8243; background_color=\u00bbrgba(255,255,255,0.71)\u00bb][vc_column_text]<\/p>\n<h3><strong><span style=\"color: #23406a;\">EN EL CENTRO, LA PERSONA<\/span><br \/>\n<\/strong><\/h3>\n<p>[\/vc_column_text][vc_column_text]Nuestros alumnos y alumnas son \u00fanicos. Desde el centro acompa\u00f1amos su evoluci\u00f3n de forma personalizada. Respetando los diferentes ritmos de aprendizaje, posibilitando la integraci\u00f3n y el m\u00e1ximo desarrollo de las capacidades, competencias y saberes.[\/vc_column_text][vc_empty_space][vc_column_text]<\/p>\n<h3><span style=\"color: #23406a;\"><strong>RECONOCEMOS LA DIVERSIDAD COMO UNA RIQUEZA<\/strong><\/span><\/h3>\n<p>[\/vc_column_text][vc_column_text]Apoyamos el camino individual de ense\u00f1anza-aprendizaje y nos involucramos de forma especial del alumnado que presenta dificultades personales o acad\u00e9micas en alg\u00fan momento de su vida escolar (dificultades en el desarrollo, retraso escolar, problemas de lenguaje, hiperactividad, altas capacidades, trastornos del estado de \u00e1nimo, dificultades de socializaci\u00f3n, orientaci\u00f3n escolar\u2026).[\/vc_column_text][\/qode_elements_holder_item][qode_elements_holder_item advanced_animations=\u00bbno\u00bb][vc_single_image image=\u00bb2657&#8243; img_size=\u00bbfull\u00bb qode_css_animation=\u00bb\u00bb][\/qode_elements_holder_item][\/qode_elements_holder][\/vc_column][\/vc_row][vc_row css_animation=\u00bb\u00bb row_type=\u00bbrow\u00bb use_row_as_full_screen_section=\u00bbno\u00bb type=\u00bbgrid\u00bb angled_section=\u00bbno\u00bb text_align=\u00bbleft\u00bb background_image_as_pattern=\u00bbwithout_pattern\u00bb z_index=\u00bb\u00bb padding_top=\u00bb60&#8243; padding_bottom=\u00bb60&#8243; css=\u00bb.vc_custom_1669019468561{background-color: #ffffff !important;}\u00bb][vc_column css_animation=\u00bbfadeIn\u00bb][vc_column_text]<\/p>\n<h3><span style=\"color: #23406a;\"><strong>INCLUSI\u00d3N<br \/>\n<\/strong><\/span><\/h3>\n<p>[\/vc_column_text][vc_column_text]Nuestro reto es ofrecer a cada alumno\/a la atenci\u00f3n personal o acad\u00e9mica que necesite, adaptando la intervenci\u00f3n educativa a sus necesidades y poniendo en juego diferentes elementos organizativos como: dos profesores en el aula, grupos reducidos, grupos flexibles, entre otros, introduciendo el Dise\u00f1o Universal para el Aprendizaje (DUA).[\/vc_column_text][vc_empty_space][\/vc_column][\/vc_row][vc_row css_animation=\u00bb\u00bb row_type=\u00bbrow\u00bb use_row_as_full_screen_section=\u00bbno\u00bb type=\u00bbgrid\u00bb angled_section=\u00bbno\u00bb text_align=\u00bbleft\u00bb background_image_as_pattern=\u00bbwithout_pattern\u00bb z_index=\u00bb\u00bb][vc_column][vc_empty_space][vc_column_text]Nuestro centro dispone tambi\u00e9n de los siguientes recursos para dar respuesta a la personalizaci\u00f3n del aprendizaje:[\/vc_column_text][vc_empty_space][\/vc_column][\/vc_row][vc_row css_animation=\u00bb\u00bb row_type=\u00bbrow\u00bb use_row_as_full_screen_section=\u00bbno\u00bb type=\u00bbgrid\u00bb angled_section=\u00bbno\u00bb text_align=\u00bbleft\u00bb background_image_as_pattern=\u00bbwithout_pattern\u00bb z_index=\u00bb\u00bb padding_top=\u00bb60&#8243; padding_bottom=\u00bb60&#8243;][vc_column css_animation=\u00bbfadeInDown\u00bb width=\u00bb1\/3&#8243;]<div class=\"q_box_holder with_icon\" style=\"background-color: #ffffff;\"><div class=\"box_holder_icon\"><div class=\"box_holder_icon_inner large image \" style=\"\"><img decoding=\"async\" itemprop=\"image\" style=\"\" src=\"https:\/\/tortosa.escolateresiana.com\/wp-content\/uploads\/2022\/06\/1141082-150x150-1.png\" alt=\"\"><\/div><\/div><div class=\"box_holder_inner large center\"><h4 class=\"icon_title\" style=\"color: #45ac34;\">Gabinete psicopedag\u00f3gico propio<\/h4><span class=\"separator transparent\" style=\"margin: 8px 0;\"><\/span><p style=\"\"><\/p><\/div><\/div>[\/vc_column][vc_column css_animation=\u00bbfadeInDown\u00bb width=\u00bb1\/3&#8243;]<div class=\"q_box_holder with_icon\" style=\"background-color: #ffffff;\"><div class=\"box_holder_icon\"><div class=\"box_holder_icon_inner large image \" style=\"\"><img decoding=\"async\" itemprop=\"image\" style=\"\" src=\"https:\/\/tortosa.escolateresiana.com\/wp-content\/uploads\/2022\/06\/2439655-150x150-1.png\" alt=\"\"><\/div><\/div><div class=\"box_holder_inner large center\"><h4 class=\"icon_title\" style=\"color: #45ac34;\">Equipo de Orientaci\u00f3n<\/h4><span class=\"separator transparent\" style=\"margin: 8px 0;\"><\/span><p style=\"\"><\/p><\/div><\/div>[\/vc_column][vc_column css_animation=\u00bbfadeInDown\u00bb width=\u00bb1\/3&#8243;]<div class=\"q_box_holder with_icon\" style=\"background-color: #ffffff;\"><div class=\"box_holder_icon\"><div class=\"box_holder_icon_inner large image \" style=\"\"><img decoding=\"async\" itemprop=\"image\" style=\"\" src=\"https:\/\/tortosa.escolateresiana.com\/wp-content\/uploads\/2022\/11\/1-1.png\" alt=\"\"><\/div><\/div><div class=\"box_holder_inner large center\"><h4 class=\"icon_title\" style=\"color: #45ac34;\">Logopeda<\/h4><span class=\"separator transparent\" style=\"margin: 8px 0;\"><\/span><p style=\"\"><\/p><\/div><\/div>[\/vc_column][\/vc_row][vc_row css_animation=\u00bb\u00bb row_type=\u00bbrow\u00bb use_row_as_full_screen_section=\u00bbno\u00bb type=\u00bbgrid\u00bb angled_section=\u00bbno\u00bb text_align=\u00bbleft\u00bb background_image_as_pattern=\u00bbwithout_pattern\u00bb z_index=\u00bb\u00bb padding_top=\u00bb60&#8243; padding_bottom=\u00bb60&#8243;][vc_column css_animation=\u00bbfadeInUp\u00bb width=\u00bb1\/3&#8243;]<div class=\"q_box_holder with_icon\" style=\"background-color: #ffffff;\"><div class=\"box_holder_icon\"><div class=\"box_holder_icon_inner large image \" style=\"\"><img decoding=\"async\" itemprop=\"image\" style=\"\" src=\"https:\/\/tortosa.escolateresiana.com\/wp-content\/uploads\/2022\/11\/4-1.png\" alt=\"\"><\/div><\/div><div class=\"box_holder_inner large center\"><h4 class=\"icon_title\" style=\"color: #45ac34;\">Especialistas de Pedagog\u00eda Terap\u00e9utica<\/h4><span class=\"separator transparent\" style=\"margin: 8px 0;\"><\/span><p style=\"\"><\/p><\/div><\/div>[\/vc_column][vc_column css_animation=\u00bbfadeInUp\u00bb width=\u00bb1\/3&#8243;]<div class=\"q_box_holder with_icon\" style=\"background-color: #ffffff;\"><div class=\"box_holder_icon\"><div class=\"box_holder_icon_inner large image \" style=\"\"><img decoding=\"async\" itemprop=\"image\" style=\"\" src=\"https:\/\/tortosa.escolateresiana.com\/wp-content\/uploads\/2022\/11\/3-1.png\" alt=\"\"><\/div><\/div><div class=\"box_holder_inner large center\"><h4 class=\"icon_title\" style=\"color: #45ac34;\">Especialistas de apoyo educativo<\/h4><span class=\"separator transparent\" style=\"margin: 8px 0;\"><\/span><p style=\"\"><\/p><\/div><\/div>[\/vc_column][vc_column css_animation=\u00bbfadeInUp\u00bb width=\u00bb1\/3&#8243;]<div class=\"q_box_holder with_icon\" style=\"background-color: #ffffff;\"><div class=\"box_holder_icon\"><div class=\"box_holder_icon_inner large image \" style=\"\"><img decoding=\"async\" itemprop=\"image\" style=\"\" src=\"https:\/\/tortosa.escolateresiana.com\/wp-content\/uploads\/2022\/11\/2-1.png\" alt=\"\"><\/div><\/div><div class=\"box_holder_inner large center\"><h4 class=\"icon_title\" style=\"color: #45ac34;\">Aula SIEI<\/h4><span class=\"separator transparent\" style=\"margin: 8px 0;\"><\/span><p style=\"\"><\/p><\/div><\/div>[\/vc_column][\/vc_row][vc_row css_animation=\u00bb\u00bb row_type=\u00bbrow\u00bb use_row_as_full_screen_section=\u00bbno\u00bb type=\u00bbgrid\u00bb angled_section=\u00bbno\u00bb text_align=\u00bbleft\u00bb background_image_as_pattern=\u00bbwithout_pattern\u00bb z_index=\u00bb\u00bb padding_top=\u00bb60&#8243; padding_bottom=\u00bb60&#8243;][vc_column css_animation=\u00bbfadeInUp\u00bb width=\u00bb1\/3&#8243;]<div class=\"q_box_holder with_icon\" style=\"background-color: #ffffff;\"><div class=\"box_holder_icon\"><div class=\"box_holder_icon_inner large image \" style=\"\"><img decoding=\"async\" itemprop=\"image\" style=\"\" src=\"https:\/\/tortosa.escolateresiana.com\/wp-content\/uploads\/2022\/06\/2829831-150x150-1.png\" alt=\"\"><\/div><\/div><div class=\"box_holder_inner large center\"><h4 class=\"icon_title\" style=\"color: #45ac34;\">Veladora<\/h4><span class=\"separator transparent\" style=\"margin: 8px 0;\"><\/span><p style=\"\"><\/p><\/div><\/div>[\/vc_column][vc_column css_animation=\u00bbfadeInUp\u00bb width=\u00bb1\/3&#8243;][\/vc_column][vc_column css_animation=\u00bbfadeInUp\u00bb width=\u00bb1\/3&#8243;][\/vc_column][\/vc_row][vc_row css_animation=\u00bb\u00bb row_type=\u00bbrow\u00bb use_row_as_full_screen_section=\u00bbno\u00bb type=\u00bbfull_width\u00bb angled_section=\u00bbno\u00bb text_align=\u00bbleft\u00bb background_image_as_pattern=\u00bbwithout_pattern\u00bb][vc_column][vc_gallery type=\u00bbimage_grid\u00bb images=\u00bb2750,2751,2752&#8243; img_size=\u00bbfull\u00bb column_number=\u00bb3&#8243; grayscale=\u00bbno\u00bb images_space=\u00bbgallery_without_space\u00bb][\/vc_column][\/vc_row]<\/p>\n","protected":false},"excerpt":{"rendered":"<p>[vc_row css_animation=\u00bb\u00bb row_type=\u00bbrow\u00bb use_row_as_full_screen_section=\u00bbno\u00bb type=\u00bbfull_width\u00bb angled_section=\u00bbno\u00bb text_align=\u00bbleft\u00bb background_image_as_pattern=\u00bbwithout_pattern\u00bb][vc_column][\/vc_column][\/vc_row][vc_row css_animation=\u00bb\u00bb row_type=\u00bbrow\u00bb use_row_as_full_screen_section=\u00bbno\u00bb type=\u00bbfull_width\u00bb angled_section=\u00bbno\u00bb text_align=\u00bbleft\u00bb background_image_as_pattern=\u00bbwithout_pattern\u00bb][vc_column][qode_elements_holder number_of_columns=\u00bbtwo_columns\u00bb][qode_elements_holder_item cover=\u00bbyes\u00bb advanced_animations=\u00bbno\u00bb item_padding=\u00bb0px 50px 0px 50px\u00bb background_image=\u00bb704&#8243; background_color=\u00bbrgba(255,255,255,0.71)\u00bb][vc_column_text] EN EL CENTRO, LA PERSONA [\/vc_column_text][vc_column_text]Nuestros alumnos y alumnas son \u00fanicos. Desde el centro acompa\u00f1amos su evoluci\u00f3n de forma personalizada. Respetando&#8230;<\/p>\n","protected":false},"author":1,"featured_media":0,"parent":0,"menu_order":0,"comment_status":"closed","ping_status":"closed","template":"full_width.php","meta":{"footnotes":""},"class_list":["post-2907","page","type-page","status-publish","hentry"],"_links":{"self":[{"href":"https:\/\/tortosa.escolateresiana.com\/es\/wp-json\/wp\/v2\/pages\/2907","targetHints":{"allow":["GET"]}}],"collection":[{"href":"https:\/\/tortosa.escolateresiana.com\/es\/wp-json\/wp\/v2\/pages"}],"about":[{"href":"https:\/\/tortosa.escolateresiana.com\/es\/wp-json\/wp\/v2\/types\/page"}],"author":[{"embeddable":true,"href":"https:\/\/tortosa.escolateresiana.com\/es\/wp-json\/wp\/v2\/users\/1"}],"replies":[{"embeddable":true,"href":"https:\/\/tortosa.escolateresiana.com\/es\/wp-json\/wp\/v2\/comments?post=2907"}],"version-history":[{"count":3,"href":"https:\/\/tortosa.escolateresiana.com\/es\/wp-json\/wp\/v2\/pages\/2907\/revisions"}],"predecessor-version":[{"id":2917,"href":"https:\/\/tortosa.escolateresiana.com\/es\/wp-json\/wp\/v2\/pages\/2907\/revisions\/2917"}],"wp:attachment":[{"href":"https:\/\/tortosa.escolateresiana.com\/es\/wp-json\/wp\/v2\/media?parent=2907"}],"curies":[{"name":"wp","href":"https:\/\/api.w.org\/{rel}","templated":true}]}}