{"id":2891,"date":"2022-05-19T10:32:33","date_gmt":"2022-05-19T10:32:33","guid":{"rendered":"https:\/\/tortosa.escolateresiana.com\/alumnos\/"},"modified":"2024-05-24T08:12:51","modified_gmt":"2024-05-24T08:12:51","slug":"alumnos","status":"publish","type":"page","link":"https:\/\/tortosa.escolateresiana.com\/es\/alumnos\/","title":{"rendered":"Alumnos"},"content":{"rendered":"<p>[vc_row css_animation=\u00bb\u00bb row_type=\u00bbrow\u00bb use_row_as_full_screen_section=\u00bbno\u00bb type=\u00bbfull_width\u00bb angled_section=\u00bbno\u00bb text_align=\u00bbleft\u00bb background_image_as_pattern=\u00bbwithout_pattern\u00bb][vc_column][qode_elements_holder number_of_columns=\u00bbtwo_columns\u00bb][qode_elements_holder_item vertical_alignment=\u00bbmiddle\u00bb advanced_animations=\u00bbno\u00bb item_padding=\u00bb0px 60px 0px 60px\u00bb][vc_column_text]<\/p>\n<h3><span style=\"color: #45ac34;\">ALUMNOS PARA EL FUTURO<\/span><\/h3>\n<p>&nbsp;<\/p>\n<p>Educamos a ni\u00f1os y j\u00f3venes competentes para cambiar la sociedad. Los espacios de aprendizaje, las nuevas metodolog\u00edas, las experiencias que se proponen y las habilidades personales que adquieren tienen como objetivo hacer que nuestros alumnos sean transformadores sociales.[\/vc_column_text][vc_empty_space height=\u00bb20px\u00bb][\/qode_elements_holder_item][qode_elements_holder_item advanced_animations=\u00bbno\u00bb][vc_single_image image=\u00bb2628&#8243; img_size=\u00bbfull\u00bb qode_css_animation=\u00bb\u00bb][\/qode_elements_holder_item][\/qode_elements_holder][\/vc_column][\/vc_row][vc_row css_animation=\u00bbelement_from_right\u00bb row_type=\u00bbrow\u00bb use_row_as_full_screen_section=\u00bbno\u00bb type=\u00bbfull_width\u00bb angled_section=\u00bbno\u00bb text_align=\u00bbleft\u00bb background_image_as_pattern=\u00bbwithout_pattern\u00bb css=\u00bb.vc_custom_1652082657161{background-color: #ffffff !important;}\u00bb z_index=\u00bb\u00bb][vc_column css_animation=\u00bbzoomIn\u00bb][vc_empty_space height=\u00bb90px\u00bb][vc_column_text]<\/p>\n<h2 style=\"text-align: center;\"><span style=\"color: #45ac34; margin-left: 60px;\">#somteresianos  <\/span><\/h2>\n<p>[\/vc_column_text][vc_empty_space height=\u00bb90px\u00bb][vc_row_inner row_type=\u00bbrow\u00bb type=\u00bbgrid\u00bb text_align=\u00bbleft\u00bb css_animation=\u00bb\u00bb][vc_column_inner width=\u00bb1\/3&#8243;][vc_single_image image=\u00bb2367&#8243; img_size=\u00bbfull\u00bb alignment=\u00bbcenter\u00bb qode_css_animation=\u00bb\u00bb][vc_empty_space][vc_column_text]<\/p>\n<p style=\"text-align: center;\">Personas en proceso continuo de autoconocimiento, aut\u00f3nomas, libres, responsables y con gran inteligencia emocional.<\/p>\n<p>[\/vc_column_text][vc_empty_space][\/vc_column_inner][vc_column_inner width=\u00bb1\/3&#8243;][vc_single_image image=\u00bb2366&#8243; img_size=\u00bbfull\u00bb alignment=\u00bbcenter\u00bb qode_css_animation=\u00bb\u00bb][vc_empty_space][vc_column_text]<\/p>\n<p style=\"text-align: center;\">Sujetos de encuentro, cordiales y acogedores y fomentamos la cultura de la paz. Con relaciones respetuosas y con capacidad de escucha.<\/p>\n<p>[\/vc_column_text][vc_empty_space][\/vc_column_inner][vc_column_inner width=\u00bb1\/3&#8243;][vc_single_image image=\u00bb2365&#8243; img_size=\u00bbfull\u00bb alignment=\u00bbcenter\u00bb qode_css_animation=\u00bb\u00bb][vc_empty_space][vc_column_text]<\/p>\n<p style=\"text-align: center;\">Protagonistas de nuestro aprendizaje, competentes, con capacidad en trabajo en equipo, proactivos, reflexivos y creativos.<\/p>\n<p>[\/vc_column_text][vc_empty_space][\/vc_column_inner][\/vc_row_inner][vc_empty_space][vc_row_inner row_type=\u00bbrow\u00bb type=\u00bbgrid\u00bb text_align=\u00bbleft\u00bb css_animation=\u00bb\u00bb][vc_column_inner width=\u00bb1\/6&#8243;][\/vc_column_inner][vc_column_inner width=\u00bb1\/3&#8243;][vc_single_image image=\u00bb2364&#8243; img_size=\u00bbfull\u00bb alignment=\u00bbcenter\u00bb qode_css_animation=\u00bb\u00bb][vc_empty_space][vc_column_text]<\/p>\n<p style=\"text-align: center;\">Comprometidos con nuestro planeta, transformadores sociales, con esp\u00edritu cr\u00edtico y \u00e9tico, din\u00e1micos e inclusivos.<\/p>\n<p style=\"text-align: center;\">Transformadores sociales, sensibles y comprometidos con la sostenibilidad del planeta, con esp\u00edritu cr\u00edtico y \u00e9tico, proactivos e inclusivos.<\/p>\n<p>[\/vc_column_text][vc_empty_space][\/vc_column_inner][vc_column_inner width=\u00bb1\/3&#8243;][vc_single_image image=\u00bb2363&#8243; img_size=\u00bbfull\u00bb alignment=\u00bbcenter\u00bb qode_css_animation=\u00bb\u00bb][vc_empty_space][vc_column_text]<\/p>\n<p style=\"text-align: center;\">Teresianos fieles a Dios, abiertos a la trascendencia, cultivamos nuestra interioridad. Somos familia teresiana y juntos celebramos la fe.<\/p>\n<p>[\/vc_column_text][vc_empty_space][\/vc_column_inner][vc_column_inner width=\u00bb1\/6&#8243;][\/vc_column_inner][\/vc_row_inner][vc_empty_space height=\u00bb90px\u00bb][\/vc_column][\/vc_row][vc_row css_animation=\u00bb\u00bb row_type=\u00bbrow\u00bb use_row_as_full_screen_section=\u00bbno\u00bb type=\u00bbgrid\u00bb angled_section=\u00bbno\u00bb text_align=\u00bbleft\u00bb background_image_as_pattern=\u00bbwithout_pattern\u00bb css=\u00bb.vc_custom_1673351520889{background-image: url(https:\/\/tortosa.escolateresiana.com\/wp-content\/uploads\/2022\/05\/SLIDE-SIN.png?id=493) !important;background-position: center !important;background-repeat: no-repeat !important;background-size: contain !important;}\u00bb z_index=\u00bb\u00bb padding_top=\u00bb80&#8243; padding_bottom=\u00bb80&#8243;][vc_column][vc_column_text]<\/p>\n<h2 style=\"text-align: center;\"><span style=\"color: #23406a;\">MI EXPERIENCIA #SOCTERESIANO<\/span><\/h2>\n<p>[\/vc_column_text][vc_empty_space]<div class='testimonials_c_holder clearfix dark'><div class=\"testimonials_c testimonials_c_carousel\" data-show-navigation=\"yes\" data-animation-speed=\"\" data-auto-rotate-slides=\"5\" data-number-per-slide=\"1\"><ul class=\"slides\"><li id=\"testimonials-c-2962\" class=\"testimonial_content\"><div class=\"testimonial_content_inner\"><div class=\"testimonial_image_holder\"><img decoding=\"async\" src=\"https:\/\/tortosa.escolateresiana.com\/wp-content\/uploads\/2022\/05\/9A-tortosa.png\" \/><\/div><div class=\"testimonial_text_holder\"><div class=\"testimonial_text_inner\" style=\"\"><p>La formaci\u00f3n recibida en el colegio me proporcion\u00f3 las herramientas necesarias para desarrollarme en el \u00e1mbito acad\u00e9mico y me formaron en valores que me hacen entender mi responsabilidad social y que me acompa\u00f1ar\u00e1n siempre.<\/p><p class=\"testimonial_author\" style=\"\">- Anna Bel<\/p><\/div><\/div><\/div><\/li><li id=\"testimonials-c-2953\" class=\"testimonial_content\"><div class=\"testimonial_content_inner\"><div class=\"testimonial_image_holder\"><img decoding=\"async\" src=\"https:\/\/tortosa.escolateresiana.com\/wp-content\/uploads\/2022\/05\/9B-tortosa.png\" \/><\/div><div class=\"testimonial_text_holder\"><div class=\"testimonial_text_inner\" style=\"\"><p>Maestra del colegio, Alumna, hija, madre y abuela de alumnos. Mi colegio es donde he crecido y he aprendido a pensar, sentir y amar.<\/p><p class=\"testimonial_author\" style=\"\">- Carmen Ari\u00f1o<\/p><\/div><\/div><\/div><\/li><li id=\"testimonials-c-2955\" class=\"testimonial_content\"><div class=\"testimonial_content_inner\"><div class=\"testimonial_image_holder\"><img decoding=\"async\" src=\"https:\/\/tortosa.escolateresiana.com\/wp-content\/uploads\/2022\/05\/9C-tortosa-1.png\" \/><\/div><div class=\"testimonial_text_holder\"><div class=\"testimonial_text_inner\" style=\"\"><p>Por nosotros, el colegio representa una parte de nuestra familia. Nos han acompa\u00f1ado desde que nuestros hijos eran beb\u00e9s, les han visto crecer y nos ha aportado, adem\u00e1s de una excelente educaci\u00f3n acad\u00e9mica, los valores que le servir\u00e1n de por vida. Como padres nos sentimos confiados, tranquilos, acompa\u00f1ados y siempre agradecidos con la gran familia teresiana.<\/p><p class=\"testimonial_author\" style=\"\">- Zojaina Hern\u00e1ndez<\/p><\/div><\/div><\/div><\/li><li id=\"testimonials-c-2957\" class=\"testimonial_content\"><div class=\"testimonial_content_inner\"><div class=\"testimonial_image_holder\"><img decoding=\"async\" src=\"https:\/\/tortosa.escolateresiana.com\/wp-content\/uploads\/2022\/05\/9C-tortosa.png\" \/><\/div><div class=\"testimonial_text_holder\"><div class=\"testimonial_text_inner\" style=\"\"><p>He pasado media vida en el colegio. Me siento como en casa y s\u00e9 que es mi casa. De alumna disfrut\u00e9 de grandes educadores, muy buenas amigas y hermanas teresianas excepcionales. Ahora trabajo en el cole como miembro del PAS. Disfruto de mi labor colaborando con mis compa\u00f1eros en formar nuevos teresianos.<\/p><p class=\"testimonial_author\" style=\"\">- Ingrid Arasa  <\/p><\/div><\/div><\/div><\/li><\/ul><\/div><\/div>[\/vc_column][\/vc_row]<\/p>\n","protected":false},"excerpt":{"rendered":"<p>[vc_row css_animation=\u00bb\u00bb row_type=\u00bbrow\u00bb use_row_as_full_screen_section=\u00bbno\u00bb type=\u00bbfull_width\u00bb angled_section=\u00bbno\u00bb text_align=\u00bbleft\u00bb background_image_as_pattern=\u00bbwithout_pattern\u00bb][vc_column][qode_elements_holder number_of_columns=\u00bbtwo_columns\u00bb][qode_elements_holder_item vertical_alignment=\u00bbmiddle\u00bb advanced_animations=\u00bbno\u00bb item_padding=\u00bb0px 60px 0px 60px\u00bb][vc_column_text] ALUMNOS PARA EL FUTURO &nbsp; Educamos a ni\u00f1os y j\u00f3venes competentes para cambiar la sociedad. Los espacios de aprendizaje, las nuevas metodolog\u00edas, las experiencias que se proponen y las habilidades&#8230;<\/p>\n","protected":false},"author":1,"featured_media":0,"parent":0,"menu_order":0,"comment_status":"closed","ping_status":"closed","template":"full_width.php","meta":{"footnotes":""},"class_list":["post-2891","page","type-page","status-publish","hentry"],"_links":{"self":[{"href":"https:\/\/tortosa.escolateresiana.com\/es\/wp-json\/wp\/v2\/pages\/2891","targetHints":{"allow":["GET"]}}],"collection":[{"href":"https:\/\/tortosa.escolateresiana.com\/es\/wp-json\/wp\/v2\/pages"}],"about":[{"href":"https:\/\/tortosa.escolateresiana.com\/es\/wp-json\/wp\/v2\/types\/page"}],"author":[{"embeddable":true,"href":"https:\/\/tortosa.escolateresiana.com\/es\/wp-json\/wp\/v2\/users\/1"}],"replies":[{"embeddable":true,"href":"https:\/\/tortosa.escolateresiana.com\/es\/wp-json\/wp\/v2\/comments?post=2891"}],"version-history":[{"count":3,"href":"https:\/\/tortosa.escolateresiana.com\/es\/wp-json\/wp\/v2\/pages\/2891\/revisions"}],"predecessor-version":[{"id":2902,"href":"https:\/\/tortosa.escolateresiana.com\/es\/wp-json\/wp\/v2\/pages\/2891\/revisions\/2902"}],"wp:attachment":[{"href":"https:\/\/tortosa.escolateresiana.com\/es\/wp-json\/wp\/v2\/media?parent=2891"}],"curies":[{"name":"wp","href":"https:\/\/api.w.org\/{rel}","templated":true}]}}